{"id":2153,"date":"2018-07-02T19:09:06","date_gmt":"2018-07-02T17:09:06","guid":{"rendered":"http:\/\/butterlinguitars.com\/?page_id=2153"},"modified":"2018-07-03T15:36:05","modified_gmt":"2018-07-03T13:36:05","slug":"ancien-livre-dor","status":"publish","type":"page","link":"https:\/\/butterlinguitars.com\/en\/livre-dor\/ancien-livre-dor\/","title":{"rendered":"Old Guest Book"},"content":{"rendered":"<p><strong>Le 23\/12\/2016<\/strong><br \/>\nTe voil\u00e0 install\u00e9 dans ton atelier &#8220;Heiligensteinien&#8221;, puisses-tu y trouver l&#8217;inspiration et l&#8217;enthousiasme qui te caract\u00e9rise.<br \/>\nJe suis toujours,si ce n&#8217;est d&#8217;avantage fi\u00e8re de toi.<br \/>\n<span style=\"color: #808080;\"><em>C<\/em><em>aroline<\/em><\/span><\/p>\n<p>&nbsp;<\/p>\n<p><strong>Le 1\/9\/2016<\/strong><br \/>\nMerci Guy pour cette belle rencontre cet apr\u00e8s midi ! Tu es un luthier tr\u00e8s professionnel et tr\u00e8s m\u00e9ticuleux dans ton travail<br \/>\nTr\u00e8s rare d avoir le plaisir de voir un luthier travailler sur son instrument<br \/>\nTu m&#8217;as r\u00e9gl\u00e9 ma Gibson sj200 de la meilleure fa\u00e7on qui soit<br \/>\nPour un travail bien fait je vous recommande ce luthier c est un vrai passionn\u00e9 de la guitare et on ressent toute sa passion quand on parle avec lui<br \/>\nEncore 1000 merci et \u00e0 bient\u00f4t<br \/>\nNote : 10\/10<br \/>\n<span style=\"color: #808080;\"><em>Valentin vdk<\/em><\/span><\/p>\n<p>&nbsp;<\/p>\n<p><strong>Le 8\/3\/2016<\/strong><br \/>\nsalut<br \/>\nbr\u00e8ve rencontre chez Patrick (l&#8217;homme aux pieds nus)<br \/>\nquand je ma\u00eetriserais la guitare avec plus de souplesse je serais tr\u00e8s fier de faire chanter une de tes cr\u00e9ations \u00e0 tr\u00e8s bient\u00f4t<br \/>\nNote : 10\/10<br \/>\n<span style=\"color: #808080;\"><em>Posteur anonyme<\/em><\/span><\/p>\n<p>&nbsp;<\/p>\n<p><strong>Le 1\/7\/2015<\/strong><br \/>\nJe viens d&#8217;aller chercher ma &#8220;Partage&#8221; la semaine derni\u00e8re, j&#8217;ai \u00e9t\u00e9 merveilleusement accueilli par la &#8220;maison&#8221; et on retrouve tout l&#8217;amour d&#8217;un travail fabuleusement accompli dans l&#8217;atmosph\u00e8re de chez Caroline et Guy. J&#8217;ai \u00e9t\u00e9 compl\u00e8tement conquit. Quant \u00e0 la guitare &#8230;. j&#8217;ai peine \u00e0 imaginer le travail extraordinaire de Guy, quel pro! Le r\u00e9sultat : le Nirvana tout simplement, je ne vois pas comment mieux faire, No\u00ebl avant l&#8217;heure. Merci Caroline, merci Guy.<br \/>\nNote : 10\/10<br \/>\n<span style=\"color: #808080;\"><em>Jean-Fran\u00e7ois GICQUIAUD<\/em><\/span><\/p>\n<p>&nbsp;<\/p>\n<p><strong>Le 23\/12\/2014<\/strong><br \/>\nJe suis une femme combl\u00e9e d&#8217;avoir un mari qui vie une passion et la partage avec son entourage, je t&#8217;encourage \u00e0 foncer, je t&#8217;aime.<br \/>\n<span style=\"color: #808080;\"><em>Caroline<\/em><\/span><\/p>\n<p>&nbsp;<\/p>\n<p><strong>Le 12\/3\/2014<\/strong><br \/>\nMa guitare a \u00e9t\u00e9 r\u00e9par\u00e9e par Guy Butterlin et elle est parfaitement bien r\u00e9par\u00e9e j&#8217;ai l&#8217;impression que c&#8217;est comme le jour o\u00f9 je l&#8217;ai achet\u00e9e bravo monsieur Butterlin<br \/>\nNote : 10\/10<br \/>\n<span style=\"color: #808080;\"><em>Aur\u00e9lien Hugel<\/em><\/span><\/p>\n<p>&nbsp;<\/p>\n<p><strong>Le 7\/1\/2014<\/strong><br \/>\nla passion , l amour , et le savoir, faire voil\u00e0 ce que j ais ressenti en jouant sur l un de tes instruments pour moi vous faite partie des grands dans ce domaine , et je sais que vous n avez pas fini de nous surprendre &#8230; Amicalement j marie<br \/>\n<span style=\"color: #808080;\"><em>huss . jmarie<\/em><\/span><\/p>\n<p>&nbsp;<\/p>\n<p><strong>Le 8\/7\/2013<\/strong><br \/>\nJe vous ai rencontr\u00e9 ce dimanche apr\u00e8s midi \u00e0 &#8220;graine de guitare&#8221;, et je suis tomb\u00e9 sous le charme. Je n&#8217;ai pas os\u00e9 essay\u00e9 de peur du ridicule, mais je le regrette profond\u00e9ment&#8230; Vos guitares (formes, finitions, vernis et d\u00e9tails) m&#8217;ont touch\u00e9. Je pense mettre un budget de c\u00f4t\u00e9 pour me r\u00e9aliser un instrument de r\u00eave&#8230;<br \/>\nMerci !!!!<br \/>\n<span style=\"color: #808080;\"><em>pparis<\/em><\/span><\/p>\n<p>&nbsp;<\/p>\n<p><strong>Le 19\/12\/2012<\/strong><br \/>\nGuy est plus qu&#8217;un Luthier, c&#8217;est Geppeto en personne. Il sait donner vie \u00e0 une planche de bois, lui mettre 6 cordes, ensuite, c&#8217;est \u00e0 nous autres guitaristes de faire vibrer ses superbes cr\u00e9ations pour (nous esp\u00e9rons), le plus grand plaisir de tous&#8230;Merci Geppeto !!!<br \/>\n<span style=\"color: #808080;\"><em>Aloysius Charcaux<\/em><\/span><\/p>\n<p>&nbsp;<\/p>\n<p><strong>Le 24\/6\/2012<\/strong><br \/>\nUn petit mot pour un artiste. J&#8217;avais r\u00eav\u00e9 d&#8217;une guitare et il l&#8217;a faite. Elle est bien au-del\u00e0 de ce que j&#8217;avais imagin\u00e9. Avec mes petites id\u00e9es, les siennes et son talent, elle est arriv\u00e9e il y a deux jours. Un son super et une finition exceptionnelle. D\u00e9j\u00e0 des moments de joie au bout des doigts. Ses guitares, sa modestie et sa gentillesse font de Guy quelqu&#8217;un qu&#8217;il faut d\u00e9couvrir. Guy, pour tout \u00e7a, Merci, Bonne continuation et \u00e0 tr\u00e8s bient\u00f4t.<br \/>\nNote : 10\/10<br \/>\n<span style=\"color: #808080;\"><em>Jean-Luc Savail<\/em><\/span><\/p>\n<p>&nbsp;<\/p>\n<p><strong>Le 16\/4\/2012<\/strong><br \/>\nSplendide! je viens de d\u00e9couvrir votre site en faisant une recherche sur les chevalet&#8221;pinless&#8221;, et j&#8217;en ressent la m\u00eame \u00e9motion que lorsque j&#8217;ai d\u00e9couvert le travail d&#8217;Emeric Beaujouan ou de Thomas F\u00e9joz.<br \/>\n<span style=\"color: #808080;\"><em>Andr\u00e9 Fey<\/em><\/span><\/p>\n<p>&nbsp;<\/p>\n<p><strong>Le 17\/8\/2011<\/strong><br \/>\ntr\u00e8s beau travail, f\u00e9licitation, quand j&#8217;ai vu vos cr\u00e9ations je n&#8217;ai eu envie que d&#8217;une chose c&#8217;est de pouvoir jouer dessus, en tout cas je garde votre site dans mes favoris.<br \/>\nsalutation<br \/>\n<span style=\"color: #808080;\"><em>Diipak<\/em><\/span><\/p>\n<p>&nbsp;<\/p>\n<p><strong>Le 25\/2\/2011<\/strong><br \/>\nBonjour GUY, quelle heureuse surprise pour la guitariste que je suis de d\u00e9couvrir ta caverne aux tr\u00e9sors.Je te promets de venir vite en essayer l&#8217;une ou l&#8217;autre et je crois que mes musiciens du mardi soir ( groupe dans lequel je chante) seront heureux de d\u00e9couvrir ce site. Belle \u0153uvre et Caroline avait raison , on sent la passion rien qu&#8217;\u00e0 travers les images&#8230;Alors gros bisous et \u00e0 tr\u00e8s bient\u00f4t. Anne.<br \/>\nNote : 10\/10<br \/>\n<span style=\"color: #808080;\"><em>Anne RIEFFEL<\/em><\/span><\/p>\n<p>&nbsp;<\/p>\n<p><strong>Le 7\/2\/2011<\/strong><br \/>\nAyant jou\u00e9 sur une de tes guitares en concert j&#8217;ai pu appr\u00e9cier la qualit\u00e9 de l&#8217;instrument et sa sonorit\u00e9. Au plaisir de d\u00e9couvrir bient\u00f4t la guitare ergonomique lors de notre prochaine rencontre \u00e0 l&#8217;occasion d&#8217;une soir\u00e9e &#8220;romance en acoustique&#8221; \u00e0 Monnetier-Mornex.<br \/>\nSalut \u00e0 toi l&#8217;artiste.<br \/>\n<span style=\"color: #808080;\"><em>Jacques Roffidal<\/em><\/span><\/p>\n<p>&nbsp;<\/p>\n<p><strong>Le 5\/2\/2011<\/strong><br \/>\nUn petit mot pour de grands encouragements! Que c&#8217;est beau une guitare&#8230;..! qu&#8217;elles sont magnifiques TES guitares!!!<br \/>\nPleine d&#8217;admiration, Laurence.<br \/>\n<span style=\"color: #808080;\"><em>Laurence Schweigert<\/em><\/span><\/p>","protected":false},"excerpt":{"rendered":"<p>Le 23\/12\/2016 Te voil\u00e0 install\u00e9 dans ton atelier &#8220;Heiligensteinien&#8221;, puisses-tu y trouver l&#8217;inspiration et l&#8217;enthousiasme qui te caract\u00e9rise. Je suis toujours,si ce n&#8217;est d&#8217;avantage fi\u00e8re de toi. Caroline &nbsp; Le 1\/9\/2016 Merci Guy pour cette belle rencontre cet apr\u00e8s midi ! Tu es un luthier tr\u00e8s professionnel et tr\u00e8s m\u00e9ticuleux dans ton travail Tr\u00e8s rare [&hellip;]<\/p>\n","protected":false},"author":2,"featured_media":0,"parent":363,"menu_order":3,"comment_status":"closed","ping_status":"closed","template":"","meta":{"footnotes":""},"class_list":["post-2153","page","type-page","status-publish","hentry"],"_links":{"self":[{"href":"https:\/\/butterlinguitars.com\/en\/wp-json\/wp\/v2\/pages\/2153"}],"collection":[{"href":"https:\/\/butterlinguitars.com\/en\/wp-json\/wp\/v2\/pages"}],"about":[{"href":"https:\/\/butterlinguitars.com\/en\/wp-json\/wp\/v2\/types\/page"}],"author":[{"embeddable":true,"href":"https:\/\/butterlinguitars.com\/en\/wp-json\/wp\/v2\/users\/2"}],"replies":[{"embeddable":true,"href":"https:\/\/butterlinguitars.com\/en\/wp-json\/wp\/v2\/comments?post=2153"}],"version-history":[{"count":0,"href":"https:\/\/butterlinguitars.com\/en\/wp-json\/wp\/v2\/pages\/2153\/revisions"}],"up":[{"embeddable":true,"href":"https:\/\/butterlinguitars.com\/en\/wp-json\/wp\/v2\/pages\/363"}],"wp:attachment":[{"href":"https:\/\/butterlinguitars.com\/en\/wp-json\/wp\/v2\/media?parent=2153"}],"curies":[{"name":"wp","href":"https:\/\/api.w.org\/{rel}","templated":true}]}}