{"id":1865,"date":"2018-01-18T14:15:04","date_gmt":"2018-01-18T13:15:04","guid":{"rendered":"http:\/\/butterlinguitars.com\/?page_id=1865"},"modified":"2026-04-15T16:49:27","modified_gmt":"2026-04-15T14:49:27","slug":"actualites","status":"publish","type":"page","link":"https:\/\/butterlinguitars.com\/en\/actualites\/","title":{"rendered":"News"},"content":{"rendered":"<h5>[<\/h5>\n<div dir=\"auto\">En 2023 j&#8217;ai r\u00e9alis\u00e9 ma 100 \u00e8me guitare.<\/div>\n<div dir=\"auto\">Elle repr\u00e9sente pour moi:<\/div>\n<div dir=\"auto\">40 ann\u00e9es de travail dans le bois,<\/div>\n<div dir=\"auto\">20 ans la r\u00e9alisation de ma premi\u00e8re guitare,<\/div>\n<div dir=\"auto\">14 ann\u00e9es d\u2019activit\u00e9 \u00e0 v\u00f4tre service en tant que luthier, dont 7 ann\u00e9es \u00e0 plein temps,<\/div>\n<div dir=\"auto\">des doutes, des remises en questions, des joies, des reconnaissances, des belles rencontres&#8230;<\/div>\n<div dir=\"auto\">Je vous remercie donc, vous tous qui m\u2019avez fait confiance durant toutes ces ann\u00e9es, vous m\u2019avez permis de vivre de ce beau m\u00e9tier qui me passionne et qui me rend vivant.<\/div>\n<div dir=\"auto\">Et pourquoi pas, maintenant viser la 200 \u00e8me&#8230;<\/div>\n<div dir=\"auto\"><\/div>\n<div dir=\"auto\"><img loading=\"lazy\" decoding=\"async\" class=\"alignnone size-medium wp-image-3513\" src=\"https:\/\/butterlinguitars.com\/wp-content\/uploads\/2026\/04\/100-eme-journal-120x300.jpg\" alt=\"\" width=\"120\" height=\"300\" srcset=\"https:\/\/butterlinguitars.com\/wp-content\/uploads\/2026\/04\/100-eme-journal-120x300.jpg 120w, https:\/\/butterlinguitars.com\/wp-content\/uploads\/2026\/04\/100-eme-journal-409x1024.jpg 409w, https:\/\/butterlinguitars.com\/wp-content\/uploads\/2026\/04\/100-eme-journal-768x1924.jpg 768w, https:\/\/butterlinguitars.com\/wp-content\/uploads\/2026\/04\/100-eme-journal-613x1536.jpg 613w, https:\/\/butterlinguitars.com\/wp-content\/uploads\/2026\/04\/100-eme-journal-817x2048.jpg 817w, https:\/\/butterlinguitars.com\/wp-content\/uploads\/2026\/04\/100-eme-journal-500x1253.jpg 500w, https:\/\/butterlinguitars.com\/wp-content\/uploads\/2026\/04\/100-eme-journal-800x2004.jpg 800w, https:\/\/butterlinguitars.com\/wp-content\/uploads\/2026\/04\/100-eme-journal.jpg 825w\" sizes=\"(max-width: 120px) 100vw, 120px\" \/> <img loading=\"lazy\" decoding=\"async\" class=\"alignnone  wp-image-3525\" src=\"https:\/\/butterlinguitars.com\/wp-content\/uploads\/2026\/04\/IMG_8042-300x155.jpg\" alt=\"\" width=\"321\" height=\"166\" srcset=\"https:\/\/butterlinguitars.com\/wp-content\/uploads\/2026\/04\/IMG_8042-300x155.jpg 300w, https:\/\/butterlinguitars.com\/wp-content\/uploads\/2026\/04\/IMG_8042-1024x529.jpg 1024w, https:\/\/butterlinguitars.com\/wp-content\/uploads\/2026\/04\/IMG_8042-768x397.jpg 768w, https:\/\/butterlinguitars.com\/wp-content\/uploads\/2026\/04\/IMG_8042-500x258.jpg 500w, https:\/\/butterlinguitars.com\/wp-content\/uploads\/2026\/04\/IMG_8042-800x413.jpg 800w, https:\/\/butterlinguitars.com\/wp-content\/uploads\/2026\/04\/IMG_8042.jpg 1280w\" sizes=\"(max-width: 321px) 100vw, 321px\" \/> <img loading=\"lazy\" decoding=\"async\" class=\"alignnone  wp-image-3524\" src=\"https:\/\/butterlinguitars.com\/wp-content\/uploads\/2026\/04\/IMG_8034-300x150.jpg\" alt=\"\" width=\"334\" height=\"167\" srcset=\"https:\/\/butterlinguitars.com\/wp-content\/uploads\/2026\/04\/IMG_8034-300x150.jpg 300w, https:\/\/butterlinguitars.com\/wp-content\/uploads\/2026\/04\/IMG_8034-1024x514.jpg 1024w, https:\/\/butterlinguitars.com\/wp-content\/uploads\/2026\/04\/IMG_8034-768x385.jpg 768w, https:\/\/butterlinguitars.com\/wp-content\/uploads\/2026\/04\/IMG_8034-500x251.jpg 500w, https:\/\/butterlinguitars.com\/wp-content\/uploads\/2026\/04\/IMG_8034-800x401.jpg 800w, https:\/\/butterlinguitars.com\/wp-content\/uploads\/2026\/04\/IMG_8034.jpg 1280w\" sizes=\"(max-width: 334px) 100vw, 334px\" \/><\/div>\n<h5>:fr]<img loading=\"lazy\" decoding=\"async\" class=\"alignnone size-medium wp-image-3442\" src=\"https:\/\/butterlinguitars.com\/wp-content\/uploads\/2024\/09\/Issoudun-2024-300x281.jpg\" alt=\"\" width=\"300\" height=\"281\" srcset=\"https:\/\/butterlinguitars.com\/wp-content\/uploads\/2024\/09\/Issoudun-2024-300x281.jpg 300w, https:\/\/butterlinguitars.com\/wp-content\/uploads\/2024\/09\/Issoudun-2024-1024x960.jpg 1024w, https:\/\/butterlinguitars.com\/wp-content\/uploads\/2024\/09\/Issoudun-2024-768x720.jpg 768w, https:\/\/butterlinguitars.com\/wp-content\/uploads\/2024\/09\/Issoudun-2024-1536x1440.jpg 1536w, https:\/\/butterlinguitars.com\/wp-content\/uploads\/2024\/09\/Issoudun-2024-500x469.jpg 500w, https:\/\/butterlinguitars.com\/wp-content\/uploads\/2024\/09\/Issoudun-2024-800x750.jpg 800w, https:\/\/butterlinguitars.com\/wp-content\/uploads\/2024\/09\/Issoudun-2024-1280x1200.jpg 1280w, https:\/\/butterlinguitars.com\/wp-content\/uploads\/2024\/09\/Issoudun-2024-1920x1800.jpg 1920w, https:\/\/butterlinguitars.com\/wp-content\/uploads\/2024\/09\/Issoudun-2024.jpg 1996w\" sizes=\"(max-width: 300px) 100vw, 300px\" \/><\/h5>\n<h4 style=\"margin-bottom: 20px\">\u00c9v\u00e8nements \u00e0 venir&#8230;<\/h4>\n<p><img loading=\"lazy\" decoding=\"async\" class=\"alignnone  wp-image-2678\" style=\"margin-bottom: 20px\" src=\"http:\/\/butterlinguitars.com\/wp-content\/uploads\/2019\/06\/IMG_0349-212x300.jpg\" alt=\"\" width=\"265\" height=\"375\" srcset=\"https:\/\/butterlinguitars.com\/wp-content\/uploads\/2019\/06\/IMG_0349-212x300.jpg 212w, https:\/\/butterlinguitars.com\/wp-content\/uploads\/2019\/06\/IMG_0349-768x1086.jpg 768w, https:\/\/butterlinguitars.com\/wp-content\/uploads\/2019\/06\/IMG_0349-724x1024.jpg 724w, https:\/\/butterlinguitars.com\/wp-content\/uploads\/2019\/06\/IMG_0349-500x707.jpg 500w, https:\/\/butterlinguitars.com\/wp-content\/uploads\/2019\/06\/IMG_0349-800x1131.jpg 800w, https:\/\/butterlinguitars.com\/wp-content\/uploads\/2019\/06\/IMG_0349-1280x1810.jpg 1280w, https:\/\/butterlinguitars.com\/wp-content\/uploads\/2019\/06\/IMG_0349-1920x2715.jpg 1920w\" sizes=\"(max-width: 265px) 100vw, 265px\" \/><\/p>\n<hr \/>\n<h4 style=\"margin-bottom: 20px\">\u00c9v\u00e8nements pass\u00e9s<\/h4>\n<div class=\"col-sm-4\">\n<p><img loading=\"lazy\" decoding=\"async\" class=\"wp-image-2634 alignnone\" src=\"http:\/\/butterlinguitars.com\/wp-content\/uploads\/2019\/03\/Visuel-Facebook_JEMA2019_1200x630-300x158.png\" alt=\"\" width=\"292\" height=\"154\" srcset=\"https:\/\/butterlinguitars.com\/wp-content\/uploads\/2019\/03\/Visuel-Facebook_JEMA2019_1200x630-300x158.png 300w, https:\/\/butterlinguitars.com\/wp-content\/uploads\/2019\/03\/Visuel-Facebook_JEMA2019_1200x630-768x403.png 768w, https:\/\/butterlinguitars.com\/wp-content\/uploads\/2019\/03\/Visuel-Facebook_JEMA2019_1200x630-1024x538.png 1024w, https:\/\/butterlinguitars.com\/wp-content\/uploads\/2019\/03\/Visuel-Facebook_JEMA2019_1200x630-500x263.png 500w, https:\/\/butterlinguitars.com\/wp-content\/uploads\/2019\/03\/Visuel-Facebook_JEMA2019_1200x630-800x420.png 800w, https:\/\/butterlinguitars.com\/wp-content\/uploads\/2019\/03\/Visuel-Facebook_JEMA2019_1200x630.png 1200w\" sizes=\"(max-width: 292px) 100vw, 292px\" \/><\/p>\n<p><img loading=\"lazy\" decoding=\"async\" class=\"size-medium wp-image-2320 alignnone\" src=\"http:\/\/butterlinguitars.com\/wp-content\/uploads\/2018\/09\/Salon-Colmar-2018-212x300.jpg\" alt=\"\" width=\"212\" height=\"300\" srcset=\"https:\/\/butterlinguitars.com\/wp-content\/uploads\/2018\/09\/Salon-Colmar-2018-212x300.jpg 212w, https:\/\/butterlinguitars.com\/wp-content\/uploads\/2018\/09\/Salon-Colmar-2018.jpg 630w\" sizes=\"(max-width: 212px) 100vw, 212px\" \/><\/p>\n<p><img loading=\"lazy\" decoding=\"async\" class=\"size-medium wp-image-1926 alignnone\" src=\"http:\/\/butterlinguitars.com\/wp-content\/uploads\/2018\/01\/dsf90821-300x150.jpg\" alt=\"\" width=\"300\" height=\"150\" srcset=\"https:\/\/butterlinguitars.com\/wp-content\/uploads\/2018\/01\/dsf90821-300x150.jpg 300w, https:\/\/butterlinguitars.com\/wp-content\/uploads\/2018\/01\/dsf90821-768x384.jpg 768w, https:\/\/butterlinguitars.com\/wp-content\/uploads\/2018\/01\/dsf90821-1024x512.jpg 1024w, https:\/\/butterlinguitars.com\/wp-content\/uploads\/2018\/01\/dsf90821.jpg 1140w\" sizes=\"(max-width: 300px) 100vw, 300px\" \/><\/p>\n<p><img loading=\"lazy\" decoding=\"async\" class=\"wp-image-1942 alignnone\" src=\"http:\/\/butterlinguitars.com\/wp-content\/uploads\/2018\/02\/IMG_3903-211x300.jpg\" alt=\"\" width=\"218\" height=\"310\" srcset=\"https:\/\/butterlinguitars.com\/wp-content\/uploads\/2018\/02\/IMG_3903-211x300.jpg 211w, https:\/\/butterlinguitars.com\/wp-content\/uploads\/2018\/02\/IMG_3903.jpg 704w\" sizes=\"(max-width: 218px) 100vw, 218px\" \/><\/p>\n<\/div>\n<div class=\"col-sm-4\">\n<p><img loading=\"lazy\" decoding=\"async\" class=\"size-medium wp-image-2624 alignnone\" src=\"http:\/\/butterlinguitars.com\/wp-content\/uploads\/2019\/03\/49512209_2139766416105813_3476693300746911744_n-212x300.jpg\" alt=\"\" width=\"212\" height=\"300\" srcset=\"https:\/\/butterlinguitars.com\/wp-content\/uploads\/2019\/03\/49512209_2139766416105813_3476693300746911744_n-212x300.jpg 212w, https:\/\/butterlinguitars.com\/wp-content\/uploads\/2019\/03\/49512209_2139766416105813_3476693300746911744_n-500x707.jpg 500w, https:\/\/butterlinguitars.com\/wp-content\/uploads\/2019\/03\/49512209_2139766416105813_3476693300746911744_n.jpg 679w\" sizes=\"(max-width: 212px) 100vw, 212px\" \/><\/p>\n<p><img loading=\"lazy\" decoding=\"async\" class=\"size-medium wp-image-2343 alignnone\" src=\"http:\/\/butterlinguitars.com\/wp-content\/uploads\/2018\/10\/FGI2018-_-AfficheRVB72dpi-WEB-216x300.jpg\" alt=\"\" width=\"216\" height=\"300\" srcset=\"https:\/\/butterlinguitars.com\/wp-content\/uploads\/2018\/10\/FGI2018-_-AfficheRVB72dpi-WEB-216x300.jpg 216w, https:\/\/butterlinguitars.com\/wp-content\/uploads\/2018\/10\/FGI2018-_-AfficheRVB72dpi-WEB-768x1065.jpg 768w, https:\/\/butterlinguitars.com\/wp-content\/uploads\/2018\/10\/FGI2018-_-AfficheRVB72dpi-WEB-739x1024.jpg 739w, https:\/\/butterlinguitars.com\/wp-content\/uploads\/2018\/10\/FGI2018-_-AfficheRVB72dpi-WEB.jpg 880w\" sizes=\"(max-width: 216px) 100vw, 216px\" \/><\/p>\n<p><img loading=\"lazy\" decoding=\"async\" class=\"wp-image-1931 alignnone\" src=\"http:\/\/butterlinguitars.com\/wp-content\/uploads\/2018\/01\/APLGpo2018-272x300-272x300.jpg\" alt=\"\" width=\"200\" height=\"221\" \/><\/p>\n<\/div>\n<div class=\"col-sm-4\">\n<p><img loading=\"lazy\" decoding=\"async\" class=\"size-medium wp-image-2369 alignnone\" src=\"http:\/\/butterlinguitars.com\/wp-content\/uploads\/2018\/12\/44093854_980157038859039_5097094460488024064_n-212x300.jpg\" alt=\"\" width=\"212\" height=\"300\" srcset=\"https:\/\/butterlinguitars.com\/wp-content\/uploads\/2018\/12\/44093854_980157038859039_5097094460488024064_n-212x300.jpg 212w, https:\/\/butterlinguitars.com\/wp-content\/uploads\/2018\/12\/44093854_980157038859039_5097094460488024064_n-500x707.jpg 500w, https:\/\/butterlinguitars.com\/wp-content\/uploads\/2018\/12\/44093854_980157038859039_5097094460488024064_n.jpg 679w\" sizes=\"(max-width: 212px) 100vw, 212px\" \/><\/p>\n<p><img loading=\"lazy\" decoding=\"async\" class=\"size-medium wp-image-2275 alignnone\" src=\"http:\/\/butterlinguitars.com\/wp-content\/uploads\/2018\/09\/40377018_757672494563921_5393129208828395520_n-200x300.jpg\" alt=\"\" width=\"200\" height=\"300\" srcset=\"https:\/\/butterlinguitars.com\/wp-content\/uploads\/2018\/09\/40377018_757672494563921_5393129208828395520_n-200x300.jpg 200w, https:\/\/butterlinguitars.com\/wp-content\/uploads\/2018\/09\/40377018_757672494563921_5393129208828395520_n.jpg 640w\" sizes=\"(max-width: 200px) 100vw, 200px\" \/><\/p>\n<p><img loading=\"lazy\" decoding=\"async\" class=\"size-medium wp-image-1919 alignnone\" src=\"http:\/\/butterlinguitars.com\/wp-content\/uploads\/2018\/01\/10896941_318891851652231_1862367828665927378_n-258x300.jpg\" alt=\"\" width=\"258\" height=\"300\" srcset=\"https:\/\/butterlinguitars.com\/wp-content\/uploads\/2018\/01\/10896941_318891851652231_1862367828665927378_n-258x300.jpg 258w, https:\/\/butterlinguitars.com\/wp-content\/uploads\/2018\/01\/10896941_318891851652231_1862367828665927378_n.jpg 360w\" sizes=\"(max-width: 258px) 100vw, 258px\" \/><\/p>\n<\/div>\n<p><a class=\"sommaire\" href=\"Accueil\"><button class=\"btn btn-default\" type=\"button\"><strong>Accueil\u00a0<\/strong><\/button><\/a><\/p>\n<p><\/p>\n<h4 style=\"margin-bottom: 20px\">Events to come&#8230;<\/h4>\n<p><img loading=\"lazy\" decoding=\"async\" class=\" wp-image-2678 alignleft\" style=\"margin-bottom: 20px\" src=\"http:\/\/butterlinguitars.com\/wp-content\/uploads\/2019\/06\/IMG_0349-212x300.jpg\" alt=\"\" width=\"265\" height=\"375\" srcset=\"https:\/\/butterlinguitars.com\/wp-content\/uploads\/2019\/06\/IMG_0349-212x300.jpg 212w, https:\/\/butterlinguitars.com\/wp-content\/uploads\/2019\/06\/IMG_0349-768x1086.jpg 768w, https:\/\/butterlinguitars.com\/wp-content\/uploads\/2019\/06\/IMG_0349-724x1024.jpg 724w, https:\/\/butterlinguitars.com\/wp-content\/uploads\/2019\/06\/IMG_0349-500x707.jpg 500w, https:\/\/butterlinguitars.com\/wp-content\/uploads\/2019\/06\/IMG_0349-800x1131.jpg 800w, https:\/\/butterlinguitars.com\/wp-content\/uploads\/2019\/06\/IMG_0349-1280x1810.jpg 1280w, https:\/\/butterlinguitars.com\/wp-content\/uploads\/2019\/06\/IMG_0349-1920x2715.jpg 1920w\" sizes=\"(max-width: 265px) 100vw, 265px\" \/><\/p>\n<hr \/>\n<h4 style=\"margin-bottom: 20px\">Past events<\/h4>\n<div class=\"col-sm-4\">\n<p><img loading=\"lazy\" decoding=\"async\" class=\"wp-image-2634 alignnone\" src=\"http:\/\/butterlinguitars.com\/wp-content\/uploads\/2019\/03\/Visuel-Facebook_JEMA2019_1200x630-300x158.png\" alt=\"\" width=\"292\" height=\"154\" srcset=\"https:\/\/butterlinguitars.com\/wp-content\/uploads\/2019\/03\/Visuel-Facebook_JEMA2019_1200x630-300x158.png 300w, https:\/\/butterlinguitars.com\/wp-content\/uploads\/2019\/03\/Visuel-Facebook_JEMA2019_1200x630-768x403.png 768w, https:\/\/butterlinguitars.com\/wp-content\/uploads\/2019\/03\/Visuel-Facebook_JEMA2019_1200x630-1024x538.png 1024w, https:\/\/butterlinguitars.com\/wp-content\/uploads\/2019\/03\/Visuel-Facebook_JEMA2019_1200x630-500x263.png 500w, https:\/\/butterlinguitars.com\/wp-content\/uploads\/2019\/03\/Visuel-Facebook_JEMA2019_1200x630-800x420.png 800w, https:\/\/butterlinguitars.com\/wp-content\/uploads\/2019\/03\/Visuel-Facebook_JEMA2019_1200x630.png 1200w\" sizes=\"(max-width: 292px) 100vw, 292px\" \/><\/p>\n<p><img loading=\"lazy\" decoding=\"async\" class=\"size-medium wp-image-2320 alignnone\" src=\"http:\/\/butterlinguitars.com\/wp-content\/uploads\/2018\/09\/Salon-Colmar-2018-212x300.jpg\" alt=\"\" width=\"212\" height=\"300\" srcset=\"https:\/\/butterlinguitars.com\/wp-content\/uploads\/2018\/09\/Salon-Colmar-2018-212x300.jpg 212w, https:\/\/butterlinguitars.com\/wp-content\/uploads\/2018\/09\/Salon-Colmar-2018.jpg 630w\" sizes=\"(max-width: 212px) 100vw, 212px\" \/><\/p>\n<p><img loading=\"lazy\" decoding=\"async\" class=\"size-medium wp-image-1926 alignnone\" src=\"http:\/\/butterlinguitars.com\/wp-content\/uploads\/2018\/01\/dsf90821-300x150.jpg\" alt=\"\" width=\"300\" height=\"150\" srcset=\"https:\/\/butterlinguitars.com\/wp-content\/uploads\/2018\/01\/dsf90821-300x150.jpg 300w, https:\/\/butterlinguitars.com\/wp-content\/uploads\/2018\/01\/dsf90821-768x384.jpg 768w, https:\/\/butterlinguitars.com\/wp-content\/uploads\/2018\/01\/dsf90821-1024x512.jpg 1024w, https:\/\/butterlinguitars.com\/wp-content\/uploads\/2018\/01\/dsf90821.jpg 1140w\" sizes=\"(max-width: 300px) 100vw, 300px\" \/><\/p>\n<p><img loading=\"lazy\" decoding=\"async\" class=\"wp-image-1942 alignnone\" src=\"http:\/\/butterlinguitars.com\/wp-content\/uploads\/2018\/02\/IMG_3903-211x300.jpg\" alt=\"\" width=\"218\" height=\"310\" srcset=\"https:\/\/butterlinguitars.com\/wp-content\/uploads\/2018\/02\/IMG_3903-211x300.jpg 211w, https:\/\/butterlinguitars.com\/wp-content\/uploads\/2018\/02\/IMG_3903.jpg 704w\" sizes=\"(max-width: 218px) 100vw, 218px\" \/><\/p>\n<\/div>\n<div class=\"col-sm-4\">\n<p><img loading=\"lazy\" decoding=\"async\" class=\"size-medium wp-image-2624 alignnone\" src=\"http:\/\/butterlinguitars.com\/wp-content\/uploads\/2019\/03\/49512209_2139766416105813_3476693300746911744_n-212x300.jpg\" alt=\"\" width=\"212\" height=\"300\" srcset=\"https:\/\/butterlinguitars.com\/wp-content\/uploads\/2019\/03\/49512209_2139766416105813_3476693300746911744_n-212x300.jpg 212w, https:\/\/butterlinguitars.com\/wp-content\/uploads\/2019\/03\/49512209_2139766416105813_3476693300746911744_n-500x707.jpg 500w, https:\/\/butterlinguitars.com\/wp-content\/uploads\/2019\/03\/49512209_2139766416105813_3476693300746911744_n.jpg 679w\" sizes=\"(max-width: 212px) 100vw, 212px\" \/><\/p>\n<p><img loading=\"lazy\" decoding=\"async\" class=\"size-medium wp-image-2343 alignnone\" src=\"http:\/\/butterlinguitars.com\/wp-content\/uploads\/2018\/10\/FGI2018-_-AfficheRVB72dpi-WEB-216x300.jpg\" alt=\"\" width=\"216\" height=\"300\" srcset=\"https:\/\/butterlinguitars.com\/wp-content\/uploads\/2018\/10\/FGI2018-_-AfficheRVB72dpi-WEB-216x300.jpg 216w, https:\/\/butterlinguitars.com\/wp-content\/uploads\/2018\/10\/FGI2018-_-AfficheRVB72dpi-WEB-768x1065.jpg 768w, https:\/\/butterlinguitars.com\/wp-content\/uploads\/2018\/10\/FGI2018-_-AfficheRVB72dpi-WEB-739x1024.jpg 739w, https:\/\/butterlinguitars.com\/wp-content\/uploads\/2018\/10\/FGI2018-_-AfficheRVB72dpi-WEB.jpg 880w\" sizes=\"(max-width: 216px) 100vw, 216px\" \/><\/p>\n<p><img loading=\"lazy\" decoding=\"async\" class=\"wp-image-1931 alignnone\" src=\"http:\/\/butterlinguitars.com\/wp-content\/uploads\/2018\/01\/APLGpo2018-272x300-272x300.jpg\" alt=\"\" width=\"200\" height=\"221\" \/><\/p>\n<\/div>\n<div class=\"col-sm-4\">\n<p><img loading=\"lazy\" decoding=\"async\" class=\"size-medium wp-image-2369 alignnone\" src=\"http:\/\/butterlinguitars.com\/wp-content\/uploads\/2018\/12\/44093854_980157038859039_5097094460488024064_n-212x300.jpg\" alt=\"\" width=\"212\" height=\"300\" srcset=\"https:\/\/butterlinguitars.com\/wp-content\/uploads\/2018\/12\/44093854_980157038859039_5097094460488024064_n-212x300.jpg 212w, https:\/\/butterlinguitars.com\/wp-content\/uploads\/2018\/12\/44093854_980157038859039_5097094460488024064_n-500x707.jpg 500w, https:\/\/butterlinguitars.com\/wp-content\/uploads\/2018\/12\/44093854_980157038859039_5097094460488024064_n.jpg 679w\" sizes=\"(max-width: 212px) 100vw, 212px\" \/><\/p>\n<p><img loading=\"lazy\" decoding=\"async\" class=\"size-medium wp-image-2275 alignnone\" src=\"http:\/\/butterlinguitars.com\/wp-content\/uploads\/2018\/09\/40377018_757672494563921_5393129208828395520_n-200x300.jpg\" alt=\"\" width=\"200\" height=\"300\" srcset=\"https:\/\/butterlinguitars.com\/wp-content\/uploads\/2018\/09\/40377018_757672494563921_5393129208828395520_n-200x300.jpg 200w, https:\/\/butterlinguitars.com\/wp-content\/uploads\/2018\/09\/40377018_757672494563921_5393129208828395520_n.jpg 640w\" sizes=\"(max-width: 200px) 100vw, 200px\" \/><\/p>\n<p><img loading=\"lazy\" decoding=\"async\" class=\"size-medium wp-image-1919 alignnone\" src=\"http:\/\/butterlinguitars.com\/wp-content\/uploads\/2018\/01\/10896941_318891851652231_1862367828665927378_n-258x300.jpg\" alt=\"\" width=\"258\" height=\"300\" srcset=\"https:\/\/butterlinguitars.com\/wp-content\/uploads\/2018\/01\/10896941_318891851652231_1862367828665927378_n-258x300.jpg 258w, https:\/\/butterlinguitars.com\/wp-content\/uploads\/2018\/01\/10896941_318891851652231_1862367828665927378_n.jpg 360w\" sizes=\"(max-width: 258px) 100vw, 258px\" \/><\/p>\n<\/div>\n<p><a class=\"sommaire\" href=\"Accueil\"><button class=\"btn btn-default\" type=\"button\"><strong>Home <i class=\"fa fa-home\"><\/i><\/strong><\/button><\/a><\/p>\n<p><\/p>","protected":false},"excerpt":{"rendered":"<p>[ En 2023 j&#8217;ai r\u00e9alis\u00e9 ma 100 \u00e8me guitare. Elle repr\u00e9sente pour moi: 40 ann\u00e9es de travail dans le bois, 20 ans la r\u00e9alisation de ma premi\u00e8re guitare, 14 ann\u00e9es d\u2019activit\u00e9 \u00e0 v\u00f4tre service en tant que luthier, dont 7 ann\u00e9es \u00e0 plein temps, des doutes, des remises en questions, des joies, des reconnaissances, des [&hellip;]<\/p>\n","protected":false},"author":1,"featured_media":0,"parent":0,"menu_order":0,"comment_status":"closed","ping_status":"closed","template":"","meta":{"footnotes":""},"class_list":["post-1865","page","type-page","status-publish","hentry"],"_links":{"self":[{"href":"https:\/\/butterlinguitars.com\/en\/wp-json\/wp\/v2\/pages\/1865"}],"collection":[{"href":"https:\/\/butterlinguitars.com\/en\/wp-json\/wp\/v2\/pages"}],"about":[{"href":"https:\/\/butterlinguitars.com\/en\/wp-json\/wp\/v2\/types\/page"}],"author":[{"embeddable":true,"href":"https:\/\/butterlinguitars.com\/en\/wp-json\/wp\/v2\/users\/1"}],"replies":[{"embeddable":true,"href":"https:\/\/butterlinguitars.com\/en\/wp-json\/wp\/v2\/comments?post=1865"}],"version-history":[{"count":3,"href":"https:\/\/butterlinguitars.com\/en\/wp-json\/wp\/v2\/pages\/1865\/revisions"}],"predecessor-version":[{"id":3529,"href":"https:\/\/butterlinguitars.com\/en\/wp-json\/wp\/v2\/pages\/1865\/revisions\/3529"}],"wp:attachment":[{"href":"https:\/\/butterlinguitars.com\/en\/wp-json\/wp\/v2\/media?parent=1865"}],"curies":[{"name":"wp","href":"https:\/\/api.w.org\/{rel}","templated":true}]}}